{"id":1273,"date":"2025-01-13T17:50:33","date_gmt":"2025-01-13T17:50:33","guid":{"rendered":"https:\/\/iesazcona.org\/?page_id=1273"},"modified":"2026-03-22T11:00:06","modified_gmt":"2026-03-22T11:00:06","slug":"secretaria","status":"publish","type":"page","link":"https:\/\/iesazcona.org\/?page_id=1273","title":{"rendered":"Secretar\u00eda"},"content":{"rendered":"\t\t<div data-elementor-type=\"wp-page\" data-elementor-id=\"1273\" class=\"elementor elementor-1273\" data-elementor-post-type=\"page\">\n\t\t\t\t<div class=\"elementor-element elementor-element-7b68773a e-flex e-con-boxed e-con e-parent\" data-id=\"7b68773a\" data-element_type=\"container\">\n\t\t\t\t\t<div class=\"e-con-inner\">\n\t\t\t\t<div class=\"elementor-element elementor-element-64b2a40 elementor-widget elementor-widget-text-editor\" data-id=\"64b2a40\" data-element_type=\"widget\" data-widget_type=\"text-editor.default\">\n\t\t\t\t<div class=\"elementor-widget-container\">\n\t\t\t\t\t\t\t\t\t<p><img decoding=\"async\" src=\"https:\/\/iesazcona.org\/wp-content\/uploads\/2025\/01\/image.png\" alt=\"\"><\/p>\n<p><!-- \/wp:image --><\/p>\n<p><!-- wp:paragraph --><\/p>\n<p>SOLICITUDES:&nbsp;<\/p>\n<p><!-- \/wp:paragraph --><\/p>\n<p><!-- wp:paragraph --><\/p>\n<p><a href=\"https:\/\/iesazcona.org\/wp-content\/uploads\/2025\/04\/Instancia-Solicitud.pdf\"><strong><strong>\u00abInstancia\/Solicitud General\u00bb<\/strong>&nbsp;<\/strong><\/a><\/p>\n<p><!-- \/wp:paragraph --><\/p>\n<p><!-- wp:paragraph --><\/p>\n<p><!-- \/wp:paragraph --><\/p>\n<p><!-- wp:paragraph --><\/p>\n<p><!-- \/wp:paragraph --><\/p>\n<p><!-- wp:paragraph --><\/p>\n<p><!-- \/wp:paragraph --><\/p>\n<p><!-- wp:paragraph --><\/p>\n<p>Ya est\u00e1n disponibles los t\u00edtulos de ESO y Bachillerato que terminaron en el&nbsp;<strong>curso 2023\/2024<\/strong><\/p>\n<p><span style=\"font-weight: bold;\">CALENDARIO 1\u00ba BACHILLERATO EXTRAORDINARIA ACLARACI\u00d3N, REVISI\u00d3N Y RECLAMACI\u00d3N<\/span><\/p>\n<p><a href=\"https:\/\/iesazcona.org\/wp-content\/uploads\/2025\/08\/Calendario-24-25-1o-Bachillerato-Convocatoria-Extraordinaria-garantias-procedimentales.pdf\">Calendario 1\u00ba Bachillerato Extraordinaria Aclaraci\u00f3n, Revisi\u00f3n y Reclamaci\u00f3n<\/a><\/p>\n<p><b>CALENDARIO 1\u00ba, 2\u00ba, 3\u00ba ESO Y 1\u00ba BACHILLERATO ACLARACI\u00d3N, REVISI\u00d3N Y RECLAMACI\u00d3N<\/b><\/p>\n<p><a style=\"box-sizing: inherit; background-color: #ffffff; color: #046bd2; transition-property: all;\" href=\"https:\/\/iesazcona.org\/wp-content\/uploads\/2025\/06\/24-25-1o-2o-3o-ESO-y-1o-bach-Calendario-Familias-GARANTIAS-PROCEDIMENTALES-EVALUACION-DEL-ALUMNADO.pdf\">Calendario de 1\u00ba, 2\u00ba, 3\u00ba ESO y 1\u00ba Bachillerato sobre Garant\u00edas Procedimentales de aclaraci\u00f3n, revisi\u00f3n y reclamaci\u00f3n de la evaluaci\u00f3n ordinaria<\/a><b><\/b><\/p>\n<p><b>CALENDARIO 4\u00ba ESO ACLARACI\u00d3N, REVISI\u00d3N Y RECLAMACI\u00d3N<\/b><\/p>\n<p><a style=\"box-sizing: inherit; background-color: #ffffff; color: #046bd2; transition-property: all;\" href=\"https:\/\/iesazcona.org\/wp-content\/uploads\/2025\/06\/24-25-4o-ESO-Calendario-Familias-GARANTIAS-PROCEDIMENTALES-EVALUACION-DEL-ALUMNADO.pdf\">Calendario de 4\u00ba ESO sobre Garant\u00edas Procedimentales de aclaraci\u00f3n, revisi\u00f3n y reclamaci\u00f3n de la evaluaci\u00f3n<\/a><b><\/b><\/p>\n<p><strong>CALENDARIO 2\u00ba BACHILLERATO EXTRAORDINARIA ACLARACI\u00d3N, REVISI\u00d3N Y RECLAMACI\u00d3N<\/strong><\/p>\n<p><a style=\"box-sizing: inherit; background-color: #ffffff; color: #046bd2;\" href=\"https:\/\/iesazcona.org\/wp-content\/uploads\/2025\/06\/Extraordinaria-24-25-2o-Bach-Calendario-Familias-GARANTIAS-PROCEDIMENTALES-EVALUACION-DEL-ALUMNADO.pdf\">Calendario de 2\u00ba Bachillerato sobre Garant\u00edas Procedimentales de aclaraci\u00f3n, revisi\u00f3n y reclamaci\u00f3n de la evaluaci\u00f3n extraordinaria<\/a><\/p>\n<p><b>SOBRES DE MATR\u00cdCULA CURSO 2025\/2026<\/b><\/p>\n<p><a href=\"https:\/\/iesazcona.org\/wp-content\/uploads\/2025\/06\/Sobre-matricula-1o-ESO-25-26.pdf\">Sobre matr\u00edcula 1\u00ba ESO<\/a><\/p>\n<p><a href=\"https:\/\/iesazcona.org\/wp-content\/uploads\/2025\/06\/Sobre-matricula-2o-ESO-25-26.pdf\">Sobre matr\u00edcula 2\u00ba ESO<\/a><\/p>\n<p><a href=\"https:\/\/iesazcona.org\/wp-content\/uploads\/2025\/06\/Sobre-matricula-3o-ESO-25-26.pdf\">Sobre matr\u00edcula 3\u00ba ESO<\/a><\/p>\n<p><a href=\"https:\/\/iesazcona.org\/wp-content\/uploads\/2025\/06\/Sobre-matricula-3o-ESO-PDC-25-26.pdf\">Sobre matr\u00edcula 3\u00ba ESO PDC<\/a><\/p>\n<p><a href=\"https:\/\/iesazcona.org\/wp-content\/uploads\/2025\/06\/Sobre-matricula-4o-ESO-25-26.pdf\">Sobre matr\u00edcula 4\u00ba ESO<\/a><\/p>\n<p><a href=\"https:\/\/iesazcona.org\/wp-content\/uploads\/2025\/06\/Sobre-matricula-4o-ESO-PDC-25-26.pdf\">Sobre matr\u00edcula 4\u00ba ESO PDC<\/a><\/p>\n<p><a href=\"https:\/\/iesazcona.org\/wp-content\/uploads\/2025\/06\/Sobre-Matricula-Bachillerato-Ciencias-y-Tecnologia-25-26.pdf\">Sobre matr\u00edcula Bachillerato Ciencias y Tecnolog\u00eda<\/a><\/p>\n<p><a href=\"https:\/\/iesazcona.org\/wp-content\/uploads\/2025\/06\/Sobre-Matricula-Bachillerato-Humanidades-y-Ciencias-Sociales-25-26.pdf\">Sobre matr\u00edcula Humanidades y Ciencias Sociales<\/a><\/p>\n<p><strong style=\"font-style: inherit;\"><span style=\"font-size: 0.8125rem; text-align: var(--text-align); background-color: var( --e-global-color-c696dce ); color: var(--ast-global-color-3);\">PREMIOS EXTRAORDINARIOS DE BACHILLERATO<\/span><\/strong><\/p>\n<header style=\"box-sizing: inherit;\">\n<div><span style=\"font-size: 0.8125rem; text-align: var(--text-align); background-color: var( --e-global-color-c696dce ); color: var(--ast-global-color-3); font-weight: 400;\">&nbsp;<\/span><span style=\"font-style: inherit; font-weight: inherit; text-align: var(--text-align); background-color: var( --e-global-color-c696dce ); color: var(--ast-global-color-3);\">La Consejer\u00eda de Desarrollo Educativo y Formaci\u00f3n Profesional convoca anualmente los Premios Extraordinarios de Bachillerato como reconocimiento de los m\u00e9ritos acad\u00e9micos adquiridos y acumulados por las alumnas y los alumnos que han obtenido calificaciones excelentes en sus estudios de Bachillerato.<\/span><\/div>\n<div><span style=\"font-style: inherit; font-weight: inherit; text-align: var(--text-align); background-color: var( --e-global-color-c696dce ); color: var(--ast-global-color-3);\">&nbsp;<\/span><\/div>\n<\/header>\n<div style=\"box-sizing: inherit;\" data-ast-blocks-layout=\"true\">\n<p style=\"box-sizing: inherit; font-size: 16px; max-width: var(--wp--custom--ast-content-width-size);\"><span style=\"box-sizing: inherit; font-weight: bold;\">Requisitos<\/span>&nbsp;que deber\u00e1n cumplir las personas candidatas que opten a los Premios Extraordinarios de Bachillerato:<\/p>\n<ul style=\"font-size: 16px; max-width: var(--wp--custom--ast-content-width-size);\">\n<li style=\"box-sizing: inherit; font-size: 16px;\">Haber cursado y superado los dos cursos de Bachillerato en cualquiera de las modalidades.<\/li>\n<li style=\"box-sizing: inherit; font-size: 16px;\">Haber finalizado las ense\u00f1anzas de Bachillerato en la Comunidad Aut\u00f3noma de Andaluc\u00eda en junio del presente curso.<\/li>\n<li style=\"box-sizing: inherit; font-size: 16px;\">Haber obtenido una calificaci\u00f3n media igual o superior a 8,75 puntos en Bachillerato<\/li>\n<\/ul>\n<p style=\"box-sizing: inherit; font-size: 16px; max-width: var(--wp--custom--ast-content-width-size);\"><span style=\"box-sizing: inherit; font-weight: bold;\">Plazo de presentaci\u00f3n<\/span>&nbsp;de la solicitud para participar en las pruebas&nbsp;<a style=\"box-sizing: inherit;\" href=\"https:\/\/iesazcona.org\/wp-content\/uploads\/2025\/06\/ANEXO-II-solicitud-premios-extraordinarios-bachillerato.pdf\">(Anexo II)<\/a>: hasta el d\u00eda 10 de junio.<\/p>\n<p style=\"box-sizing: inherit; font-size: 16px; max-width: var(--wp--custom--ast-content-width-size);\"><span style=\"box-sizing: inherit; font-weight: bold;\">Lugar de presentaci\u00f3n<\/span>: En la Secretar\u00eda del centro.<\/p>\n<p style=\"box-sizing: inherit; font-size: 16px; margin-bottom: 1.6em; max-width: var(--wp--custom--ast-content-width-size);\"><a style=\"box-sizing: inherit;\" href=\"https:\/\/iesazcona.org\/wp-content\/uploads\/2025\/06\/Instruccion-Premio-Bachillerato-2025.pdf\">Acceso a la normativa.<\/a><\/p>\n<\/div>\n<p><b>CALENDARIO DE 2\u00ba BACHILLERATO REVISI\u00d3N Y RECLAMACI\u00d3N<\/b><\/p>\n<p><a href=\"https:\/\/iesazcona.org\/wp-content\/uploads\/2025\/05\/24-25-2o-Bach-Calendario-Familias-GARANTIAS-PROCEDIMENTALES-EVALUACION-DEL-ALUMNADO.pdf\" target=\"_blank\" rel=\"noopener\">Calendario de 2\u00ba Bachillerato sobre Garant\u00edas Procedimentales en el proceso de Revisi\u00f3n y Reclamaci\u00f3n<\/a><\/p>\n<p><!-- \/wp:paragraph --><\/p>\n<p><!-- wp:paragraph --><\/p>\n<p><strong>SOLICITUD DEL T\u00cdTULO DE BACHILLERATO curso 2025\/2026<\/strong><\/p>\n<p><!-- \/wp:paragraph --><\/p>\n<p><!-- wp:paragraph --><\/p>\n<p>El alumnado que haya aprobado todas las asignaturas debe solicitar la expedici\u00f3n del T\u00edtulo de Bachillerato.<\/p>\n<p><!-- \/wp:paragraph --><\/p>\n<p><!-- wp:paragraph --><\/p>\n<p>Para ello deben seguir las instrucciones siguientes:<strong>&nbsp;<\/strong><a href=\"https:\/\/iesazcona.org\/wp-content\/uploads\/2026\/03\/INSTRUCCIONES-TITULO-DE-BACHILLERATO-25-26.pdf\" target=\"_blank\" style=\"background-color: rgb(255, 255, 255); font-size: 1rem;\">Instrucciones<\/a><\/p>\n<p><!-- \/wp:paragraph --><\/p>\n<p><!-- wp:paragraph --><\/p>\n<p><strong><a href=\"http:\/\/www.juntadeandalucia.es\/economiayhacienda\/apl\/surweb\/modelos\/modelo046\/046.jsp\">Modelo 04<\/a>6<\/strong><\/p>\n<p><!-- \/wp:paragraph --><\/p>\n<p><!-- wp:paragraph --><\/p>\n<p><strong>MATRICULACI\u00d3N EN LA PAU 2025<\/strong><\/p>\n<p><!-- \/wp:paragraph --><\/p>\n<p><!-- wp:paragraph --><\/p>\n<p><span style=\"font-style: inherit; font-weight: inherit; text-align: var(--text-align); background-color: var( --e-global-color-c696dce ); color: var(--ast-global-color-3);\">Informaci\u00f3n en la web de la UAL:&nbsp;<\/span><strong style=\"font-style: inherit; text-align: var(--text-align); background-color: var( --e-global-color-c696dce ); color: var(--ast-global-color-3);\"><a href=\"https:\/\/www.ual.es\/estudios\/gestionesacademicas\/acceso\/grados\/vias\/inicioselectividad\/inscripcion-pevau\">Informaci\u00f3n<\/a><\/strong><\/p>\n<p><!-- \/wp:paragraph --><\/p>\n<p><!-- wp:paragraph --><\/p>\n<p><strong>PARTICIPACI\u00d3N EN LOS PREMIOS EXTRAORDINARIOS DE BACHILLERATO<\/strong><\/p>\n<p><!-- \/wp:paragraph --><\/p>\n<p><!-- wp:paragraph --><\/p>\n<p>S\u00d3LO pueden participar el alumnado con una calificaci\u00f3n media igual o superior a 8,75 puntos en Bachillerato.<\/p>\n<p><!-- \/wp:paragraph --><\/p>\n<p><!-- wp:paragraph --><\/p>\n<p>Plazo: hasta el 10 de junio (incluido), con anterioridad se har\u00e1 p\u00fablica la propuesta con los alumnos que cumplan este requisito en el tabl\u00f3n del centro)<\/p>\n<p><!-- \/wp:paragraph --><\/p>\n<p><!-- wp:paragraph --><\/p>\n<p>Forma: PRESENCIAL, en la secretar\u00eda del centro<\/p>\n<p><!-- \/wp:paragraph --><\/p>\n<p><!-- wp:paragraph --><\/p>\n<p>Tasa: GRATUITA<\/p>\n<p><\/p>\n<p><a style=\"font-style: inherit; font-weight: inherit; background-color: #ffffff;\" href=\"http:\/\/www.juntadeandalucia.es\/educacion\/becas\/consultabecas\/\"><img decoding=\"async\" src=\"http:\/\/www.iesazcona.org\/images\/Consulta%20de%20becas%20(1).jpg\" alt=\"Consulta de becas (1)\"><\/a><\/p>\n<p><!-- \/wp:list-item --><\/p>\n<p><!-- wp:list-item --><\/p>\n<ul>\n<li style=\"list-style-type: none;\">\n<ul>\n<li><a href=\"http:\/\/www.iesazcona.org\/index.php\/es\/ies-azcona\/secretaria\/218-admision-ed-especial-eso-y-bachillerato\">ADMISI\u00d3N. Educaci\u00f3n Especial, ESO y Bachillerato<\/a><\/li>\n<\/ul>\n<\/li>\n<\/ul>\n<p><!-- \/wp:list-item --><\/p>\n<p><!-- wp:list-item --><\/p>\n<ul>\n<li style=\"list-style-type: none;\">\n<ul>\n<li><a href=\"http:\/\/www.iesazcona.org\/index.php\/es\/ies-azcona\/secretaria\/293-procedimiento-de-admision-del-alumnado-del-alumnado-curso-2016-17\">Procedimiento de admisi\u00f3n del alumnado. Curso 2016-17<\/a><\/li>\n<\/ul>\n<\/li>\n<\/ul>\n<p><!-- \/wp:list-item --><\/p>\n<p><!-- wp:list-item --><\/p>\n<ul>\n<li style=\"list-style-type: none;\">\n<ul>\n<li><a href=\"http:\/\/www.iesazcona.org\/index.php\/es\/ies-azcona\/secretaria\/261-admision-f-p-inicial\">ADMISI\u00d3N. F.P. Inicial<\/a><\/li>\n<\/ul>\n<\/li>\n<\/ul>\n<p><!-- \/wp:list-item --><\/p>\n<p><!-- wp:list-item --><\/p>\n<ul>\n<li style=\"list-style-type: none;\">\n<ul>\n<li><a href=\"http:\/\/www.iesazcona.org\/index.php\/es\/ies-azcona\/secretaria\/229-documentos-del-procedimiento-de-reclamacion\">Documentos del Procedimiento de RECLAMACI\u00d3N<\/a><\/li>\n<\/ul>\n<\/li>\n<\/ul>\n<p><!-- \/wp:list-item --><\/p>\n<p><!-- wp:list-item --><\/p>\n<ul>\n<li style=\"list-style-type: none;\">\n<ul>\n<li><a href=\"http:\/\/www.iesazcona.org\/index.php\/es\/ies-azcona\/secretaria\/268-titulos-y-certificados\">T\u00edtulos y Certificados<\/a><\/li>\n<\/ul>\n<\/li>\n<\/ul>\n<p><!-- \/wp:list-item --><\/p>\n<p><!-- wp:list-item --><\/p>\n<ul>\n<li style=\"list-style-type: none;\">\n<ul>\n<li><a href=\"http:\/\/www.iesazcona.org\/index.php\/es\/ies-azcona\/secretaria\/213-permisos-y-licencias\">Permisos y Licencias<\/a><\/li>\n<\/ul>\n<\/li>\n<\/ul>\n<p><!-- \/wp:list-item --><\/p>\n<p><!-- wp:list-item --><\/p>\n<ul>\n<li style=\"list-style-type: none;\">\n<ul>\n<li><a href=\"http:\/\/www.iesazcona.org\/index.php\/es\/ies-azcona\/secretaria\/214-sexenios\">Sexenios<\/a><\/li>\n<\/ul>\n<\/li>\n<\/ul>\n<p><!-- \/wp:list-item --><\/p>\n<p><!-- wp:list-item --><\/p>\n<ul>\n<li style=\"list-style-type: none;\">\n<ul>\n<li><a href=\"http:\/\/www.iesazcona.org\/index.php\/es\/ies-azcona\/secretaria\/215-prevencion-de-riesgos-laborales\">Prevenci\u00f3n de Riesgos Laborales<\/a><\/li>\n<\/ul>\n<\/li>\n<\/ul>\n<p><!-- \/wp:list-item --><\/p>\n<p><!-- wp:list-item --><\/p>\n<ul>\n<li style=\"list-style-type: none;\">\n<ul>\n<li><a href=\"http:\/\/www.iesazcona.org\/index.php\/es\/ies-azcona\/secretaria\/225-secretaria-virtual\">SECRETAR\u00cdA VIRTUAL de la Consejer\u00eda de Educaci\u00f3n<\/a><\/li>\n<\/ul>\n<\/li>\n<\/ul>\n<p><!-- \/wp:list-item --><\/p>\n<p><!-- wp:list-item --><\/p>\n<ul>\n<li style=\"list-style-type: none;\">\n<ul>\n<li><a href=\"http:\/\/www.iesazcona.org\/index.php\/es\/ies-azcona\/secretaria\/216-otros-documentos\">Otros documentos<\/a><\/li>\n<\/ul>\n<\/li>\n<\/ul>\n<p><!-- \/wp:list-item --><\/p>\n<p><!-- \/wp:list --><\/p>\t\t\t\t\t\t\t\t<\/div>\n\t\t\t\t<\/div>\n\t\t\t\t\t<\/div>\n\t\t\t\t<\/div>\n\t\t\t\t<\/div>\n\t\t<p>Visitas: 222<\/p>","protected":false},"excerpt":{"rendered":"<p>SOLICITUDES:&nbsp; \u00abInstancia\/Solicitud General\u00bb&nbsp; Ya est\u00e1n disponibles los t\u00edtulos de ESO y Bachillerato que terminaron en el&nbsp;curso 2023\/2024 CALENDARIO 1\u00ba BACHILLERATO [&hellip;]<\/p>\n","protected":false},"author":1,"featured_media":0,"parent":0,"menu_order":0,"comment_status":"closed","ping_status":"closed","template":"","meta":{"_uag_custom_page_level_css":"","site-sidebar-layout":"default","site-content-layout":"","ast-site-content-layout":"","site-content-style":"default","site-sidebar-style":"default","ast-global-header-display":"","ast-banner-title-visibility":"","ast-main-header-display":"","ast-hfb-above-header-display":"","ast-hfb-below-header-display":"","ast-hfb-mobile-header-display":"","site-post-title":"","ast-breadcrumbs-content":"","ast-featured-img":"","footer-sml-layout":"","theme-transparent-header-meta":"","adv-header-id-meta":"","stick-header-meta":"","header-above-stick-meta":"","header-main-stick-meta":"","header-below-stick-meta":"","astra-migrate-meta-layouts":"default","ast-page-background-enabled":"default","ast-page-background-meta":{"desktop":{"background-color":"var(--ast-global-color-5)","background-image":"","background-repeat":"repeat","background-position":"center center","background-size":"auto","background-attachment":"scroll","background-type":"","background-media":"","overlay-type":"","overlay-color":"","overlay-opacity":"","overlay-gradient":""},"tablet":{"background-color":"","background-image":"","background-repeat":"repeat","background-position":"center center","background-size":"auto","background-attachment":"scroll","background-type":"","background-media":"","overlay-type":"","overlay-color":"","overlay-opacity":"","overlay-gradient":""},"mobile":{"background-color":"","background-image":"","background-repeat":"repeat","background-position":"center center","background-size":"auto","background-attachment":"scroll","background-type":"","background-media":"","overlay-type":"","overlay-color":"","overlay-opacity":"","overlay-gradient":""}},"ast-content-background-meta":{"desktop":{"background-color":"var(--ast-global-color-4)","background-image":"","background-repeat":"repeat","background-position":"center center","background-size":"auto","background-attachment":"scroll","background-type":"","background-media":"","overlay-type":"","overlay-color":"","overlay-opacity":"","overlay-gradient":""},"tablet":{"background-color":"var(--ast-global-color-4)","background-image":"","background-repeat":"repeat","background-position":"center center","background-size":"auto","background-attachment":"scroll","background-type":"","background-media":"","overlay-type":"","overlay-color":"","overlay-opacity":"","overlay-gradient":""},"mobile":{"background-color":"var(--ast-global-color-4)","background-image":"","background-repeat":"repeat","background-position":"center center","background-size":"auto","background-attachment":"scroll","background-type":"","background-media":"","overlay-type":"","overlay-color":"","overlay-opacity":"","overlay-gradient":""}},"_kadence_starter_templates_imported_post":false,"footnotes":""},"class_list":["post-1273","page","type-page","status-publish","hentry"],"yoast_head":"<!-- This site is optimized with the Yoast SEO plugin v24.1 - https:\/\/yoast.com\/wordpress\/plugins\/seo\/ -->\n<title>Secretar\u00eda - I.E.S. AZCONA<\/title>\n<meta name=\"robots\" content=\"index, follow, max-snippet:-1, max-image-preview:large, max-video-preview:-1\" \/>\n<link rel=\"canonical\" href=\"https:\/\/iesazcona.org\/?page_id=1273\" \/>\n<meta property=\"og:locale\" content=\"es_ES\" \/>\n<meta property=\"og:type\" content=\"article\" \/>\n<meta property=\"og:title\" content=\"Secretar\u00eda - I.E.S. AZCONA\" \/>\n<meta property=\"og:description\" content=\"SOLICITUDES:&nbsp; \u00abInstancia\/Solicitud General\u00bb&nbsp; Ya est\u00e1n disponibles los t\u00edtulos de ESO y Bachillerato que terminaron en el&nbsp;curso 2023\/2024 CALENDARIO 1\u00ba BACHILLERATO [&hellip;]\" \/>\n<meta property=\"og:url\" content=\"https:\/\/iesazcona.org\/?page_id=1273\" \/>\n<meta property=\"og:site_name\" content=\"I.E.S. AZCONA\" \/>\n<meta property=\"article:modified_time\" content=\"2026-03-22T11:00:06+00:00\" \/>\n<meta property=\"og:image\" content=\"https:\/\/iesazcona.org\/wp-content\/uploads\/2025\/01\/image.png\" \/>\n<meta name=\"twitter:card\" content=\"summary_large_image\" \/>\n<meta name=\"twitter:label1\" content=\"Tiempo de lectura\" \/>\n\t<meta name=\"twitter:data1\" content=\"3 minutos\" \/>\n<script type=\"application\/ld+json\" class=\"yoast-schema-graph\">{\"@context\":\"https:\/\/schema.org\",\"@graph\":[{\"@type\":\"WebPage\",\"@id\":\"https:\/\/iesazcona.org\/?page_id=1273\",\"url\":\"https:\/\/iesazcona.org\/?page_id=1273\",\"name\":\"Secretar\u00eda - I.E.S. AZCONA\",\"isPartOf\":{\"@id\":\"https:\/\/iesazcona.org\/#website\"},\"primaryImageOfPage\":{\"@id\":\"https:\/\/iesazcona.org\/?page_id=1273#primaryimage\"},\"image\":{\"@id\":\"https:\/\/iesazcona.org\/?page_id=1273#primaryimage\"},\"thumbnailUrl\":\"https:\/\/iesazcona.org\/wp-content\/uploads\/2025\/01\/image.png\",\"datePublished\":\"2025-01-13T17:50:33+00:00\",\"dateModified\":\"2026-03-22T11:00:06+00:00\",\"breadcrumb\":{\"@id\":\"https:\/\/iesazcona.org\/?page_id=1273#breadcrumb\"},\"inLanguage\":\"es\",\"potentialAction\":[{\"@type\":\"ReadAction\",\"target\":[\"https:\/\/iesazcona.org\/?page_id=1273\"]}]},{\"@type\":\"ImageObject\",\"inLanguage\":\"es\",\"@id\":\"https:\/\/iesazcona.org\/?page_id=1273#primaryimage\",\"url\":\"https:\/\/iesazcona.org\/wp-content\/uploads\/2025\/01\/image.png\",\"contentUrl\":\"https:\/\/iesazcona.org\/wp-content\/uploads\/2025\/01\/image.png\",\"width\":900,\"height\":230},{\"@type\":\"BreadcrumbList\",\"@id\":\"https:\/\/iesazcona.org\/?page_id=1273#breadcrumb\",\"itemListElement\":[{\"@type\":\"ListItem\",\"position\":1,\"name\":\"Portada\",\"item\":\"https:\/\/iesazcona.org\/\"},{\"@type\":\"ListItem\",\"position\":2,\"name\":\"Secretar\u00eda\"}]},{\"@type\":\"WebSite\",\"@id\":\"https:\/\/iesazcona.org\/#website\",\"url\":\"https:\/\/iesazcona.org\/\",\"name\":\"I.E.S. AZCONA\",\"description\":\"P\u00e1gina web del IES Azcona en Almer\u00eda.\",\"publisher\":{\"@id\":\"https:\/\/iesazcona.org\/#organization\"},\"potentialAction\":[{\"@type\":\"SearchAction\",\"target\":{\"@type\":\"EntryPoint\",\"urlTemplate\":\"https:\/\/iesazcona.org\/?s={search_term_string}\"},\"query-input\":{\"@type\":\"PropertyValueSpecification\",\"valueRequired\":true,\"valueName\":\"search_term_string\"}}],\"inLanguage\":\"es\"},{\"@type\":\"Organization\",\"@id\":\"https:\/\/iesazcona.org\/#organization\",\"name\":\"I.E.S. AZCONA\",\"url\":\"https:\/\/iesazcona.org\/\",\"logo\":{\"@type\":\"ImageObject\",\"inLanguage\":\"es\",\"@id\":\"https:\/\/iesazcona.org\/#\/schema\/logo\/image\/\",\"url\":\"https:\/\/iesazcona.org\/wp-content\/uploads\/2025\/01\/logo.jpg\",\"contentUrl\":\"https:\/\/iesazcona.org\/wp-content\/uploads\/2025\/01\/logo.jpg\",\"width\":204,\"height\":192,\"caption\":\"I.E.S. AZCONA\"},\"image\":{\"@id\":\"https:\/\/iesazcona.org\/#\/schema\/logo\/image\/\"}}]}<\/script>\n<!-- \/ Yoast SEO plugin. -->","yoast_head_json":{"title":"Secretar\u00eda - I.E.S. AZCONA","robots":{"index":"index","follow":"follow","max-snippet":"max-snippet:-1","max-image-preview":"max-image-preview:large","max-video-preview":"max-video-preview:-1"},"canonical":"https:\/\/iesazcona.org\/?page_id=1273","og_locale":"es_ES","og_type":"article","og_title":"Secretar\u00eda - I.E.S. AZCONA","og_description":"SOLICITUDES:&nbsp; \u00abInstancia\/Solicitud General\u00bb&nbsp; Ya est\u00e1n disponibles los t\u00edtulos de ESO y Bachillerato que terminaron en el&nbsp;curso 2023\/2024 CALENDARIO 1\u00ba BACHILLERATO [&hellip;]","og_url":"https:\/\/iesazcona.org\/?page_id=1273","og_site_name":"I.E.S. AZCONA","article_modified_time":"2026-03-22T11:00:06+00:00","og_image":[{"url":"https:\/\/iesazcona.org\/wp-content\/uploads\/2025\/01\/image.png","type":"","width":"","height":""}],"twitter_card":"summary_large_image","twitter_misc":{"Tiempo de lectura":"3 minutos"},"schema":{"@context":"https:\/\/schema.org","@graph":[{"@type":"WebPage","@id":"https:\/\/iesazcona.org\/?page_id=1273","url":"https:\/\/iesazcona.org\/?page_id=1273","name":"Secretar\u00eda - I.E.S. AZCONA","isPartOf":{"@id":"https:\/\/iesazcona.org\/#website"},"primaryImageOfPage":{"@id":"https:\/\/iesazcona.org\/?page_id=1273#primaryimage"},"image":{"@id":"https:\/\/iesazcona.org\/?page_id=1273#primaryimage"},"thumbnailUrl":"https:\/\/iesazcona.org\/wp-content\/uploads\/2025\/01\/image.png","datePublished":"2025-01-13T17:50:33+00:00","dateModified":"2026-03-22T11:00:06+00:00","breadcrumb":{"@id":"https:\/\/iesazcona.org\/?page_id=1273#breadcrumb"},"inLanguage":"es","potentialAction":[{"@type":"ReadAction","target":["https:\/\/iesazcona.org\/?page_id=1273"]}]},{"@type":"ImageObject","inLanguage":"es","@id":"https:\/\/iesazcona.org\/?page_id=1273#primaryimage","url":"https:\/\/iesazcona.org\/wp-content\/uploads\/2025\/01\/image.png","contentUrl":"https:\/\/iesazcona.org\/wp-content\/uploads\/2025\/01\/image.png","width":900,"height":230},{"@type":"BreadcrumbList","@id":"https:\/\/iesazcona.org\/?page_id=1273#breadcrumb","itemListElement":[{"@type":"ListItem","position":1,"name":"Portada","item":"https:\/\/iesazcona.org\/"},{"@type":"ListItem","position":2,"name":"Secretar\u00eda"}]},{"@type":"WebSite","@id":"https:\/\/iesazcona.org\/#website","url":"https:\/\/iesazcona.org\/","name":"I.E.S. AZCONA","description":"P\u00e1gina web del IES Azcona en Almer\u00eda.","publisher":{"@id":"https:\/\/iesazcona.org\/#organization"},"potentialAction":[{"@type":"SearchAction","target":{"@type":"EntryPoint","urlTemplate":"https:\/\/iesazcona.org\/?s={search_term_string}"},"query-input":{"@type":"PropertyValueSpecification","valueRequired":true,"valueName":"search_term_string"}}],"inLanguage":"es"},{"@type":"Organization","@id":"https:\/\/iesazcona.org\/#organization","name":"I.E.S. AZCONA","url":"https:\/\/iesazcona.org\/","logo":{"@type":"ImageObject","inLanguage":"es","@id":"https:\/\/iesazcona.org\/#\/schema\/logo\/image\/","url":"https:\/\/iesazcona.org\/wp-content\/uploads\/2025\/01\/logo.jpg","contentUrl":"https:\/\/iesazcona.org\/wp-content\/uploads\/2025\/01\/logo.jpg","width":204,"height":192,"caption":"I.E.S. AZCONA"},"image":{"@id":"https:\/\/iesazcona.org\/#\/schema\/logo\/image\/"}}]}},"uagb_featured_image_src":{"full":false,"thumbnail":false,"medium":false,"medium_large":false,"large":false,"1536x1536":false,"2048x2048":false,"ultp_layout_landscape_large":false,"ultp_layout_landscape":false,"ultp_layout_portrait":false,"ultp_layout_square":false},"uagb_author_info":{"display_name":"admin","author_link":"https:\/\/iesazcona.org\/?author=1"},"uagb_comment_info":0,"uagb_excerpt":"SOLICITUDES:&nbsp; \u00abInstancia\/Solicitud General\u00bb&nbsp; Ya est\u00e1n disponibles los t\u00edtulos de ESO y Bachillerato que terminaron en el&nbsp;curso 2023\/2024 CALENDARIO 1\u00ba BACHILLERATO [&hellip;]","_links":{"self":[{"href":"https:\/\/iesazcona.org\/index.php?rest_route=\/wp\/v2\/pages\/1273","targetHints":{"allow":["GET"]}}],"collection":[{"href":"https:\/\/iesazcona.org\/index.php?rest_route=\/wp\/v2\/pages"}],"about":[{"href":"https:\/\/iesazcona.org\/index.php?rest_route=\/wp\/v2\/types\/page"}],"author":[{"embeddable":true,"href":"https:\/\/iesazcona.org\/index.php?rest_route=\/wp\/v2\/users\/1"}],"replies":[{"embeddable":true,"href":"https:\/\/iesazcona.org\/index.php?rest_route=%2Fwp%2Fv2%2Fcomments&post=1273"}],"version-history":[{"count":58,"href":"https:\/\/iesazcona.org\/index.php?rest_route=\/wp\/v2\/pages\/1273\/revisions"}],"predecessor-version":[{"id":2248,"href":"https:\/\/iesazcona.org\/index.php?rest_route=\/wp\/v2\/pages\/1273\/revisions\/2248"}],"wp:attachment":[{"href":"https:\/\/iesazcona.org\/index.php?rest_route=%2Fwp%2Fv2%2Fmedia&parent=1273"}],"curies":[{"name":"wp","href":"https:\/\/api.w.org\/{rel}","templated":true}]}}