{"id":1303,"date":"2025-01-24T11:12:34","date_gmt":"2025-01-24T11:12:34","guid":{"rendered":"https:\/\/iesazcona.org\/?page_id=1303"},"modified":"2025-11-20T06:29:00","modified_gmt":"2025-11-20T06:29:00","slug":"orientacion","status":"publish","type":"page","link":"https:\/\/iesazcona.org\/?page_id=1303","title":{"rendered":"ORIENTACION"},"content":{"rendered":"\n<figure class=\"wp-block-image size-full\"><img fetchpriority=\"high\" decoding=\"async\" width=\"900\" height=\"240\" src=\"https:\/\/iesazcona.org\/wp-content\/uploads\/2025\/01\/image-4.png\" alt=\"\" class=\"wp-image-1306\" srcset=\"https:\/\/iesazcona.org\/wp-content\/uploads\/2025\/01\/image-4.png 900w, https:\/\/iesazcona.org\/wp-content\/uploads\/2025\/01\/image-4-300x80.png 300w, https:\/\/iesazcona.org\/wp-content\/uploads\/2025\/01\/image-4-768x205.png 768w\" sizes=\"(max-width: 900px) 100vw, 900px\" \/><\/figure>\n\n\n\n<h4 class=\"wp-block-heading\"><strong>Presentaci\u00f3n del Departamento<\/strong><\/h4>\n\n\n\n<p><strong>No se puede iniciar una traves\u00eda sin conocer el destino y sin contar con los mapas y la orientaci\u00f3n para llegar a \u00e9l por el mejor camino.<\/strong><\/p>\n\n\n\n<p class=\"has-text-align-right\"><strong>Marina M\u00fcller<\/strong><\/p>\n\n\n\n<h4 class=\"wp-block-heading\"><strong>Orientaci\u00f3n:<\/strong><\/h4>\n\n\n\n<p>&nbsp; &nbsp; &nbsp; &nbsp;&nbsp;&nbsp; &nbsp;Mar\u00eda teresa \u00c1lvarez Alonso<\/p>\n\n\n\n<h4 class=\"wp-block-heading\"><strong>P<\/strong><strong>rofesorado de Apoyo:<\/strong><\/h4>\n\n\n\n<p>Guirado Moya, Gabriel&nbsp; &nbsp; &nbsp; &nbsp; &nbsp; &nbsp; &nbsp; &nbsp; &nbsp; &nbsp; &nbsp; &nbsp; Apoyo Curric.Sordos A. Cient. o Tecnol.<\/p>\n\n\n\n<p>Manzano Blanes, Mar\u00eda Victoria&nbsp; &nbsp; &nbsp; &nbsp; &nbsp; &nbsp;Apoyo Curric.Sordos A. Cient. o Tecnol.<\/p>\n\n\n\n<p>P\u00e9rez Gim\u00e9nez,&nbsp;Silvia Consolaci\u00f3n&nbsp; &nbsp; &nbsp; &nbsp;Apoyo Curric.Sordos A. Cient. o Tecnol.<\/p>\n\n\n\n<p>Garc\u00eda Lores, \u00c1ngeles Mar\u00eda&nbsp; &nbsp; &nbsp; &nbsp; &nbsp; &nbsp; &nbsp; &nbsp; Apoyo Curric.Sordos A. Lengua y C.Social<\/p>\n\n\n\n<p>Garc\u00eda Rojas, Mar\u00eda Jos\u00e9&nbsp; &nbsp; &nbsp; &nbsp; &nbsp; &nbsp; &nbsp; &nbsp; &nbsp; &nbsp; &nbsp;Apoyo Curric.Sordos A. Lengua y C.Social<\/p>\n\n\n\n<p>Gil Bustillo, Miguel&nbsp; &nbsp; &nbsp; &nbsp; &nbsp; &nbsp; &nbsp; &nbsp; &nbsp; &nbsp; &nbsp; &nbsp; &nbsp; &nbsp; &nbsp;Apoyo Curric.Sordos A. Lengua y C.Social<\/p>\n\n\n\n<p>Peregrina Chinchilla, Cristina&nbsp; &nbsp; &nbsp; &nbsp; &nbsp; &nbsp; &nbsp; &nbsp;Apoyo Curric.Sordos A. Lengua y C.Social<\/p>\n\n\n\n<p>Prieto Vila, Mar\u00eda del Mar&nbsp; &nbsp; &nbsp; &nbsp; &nbsp; &nbsp; &nbsp; &nbsp; &nbsp; &nbsp; Audici\u00f3n y Lenguaje Eso<\/p>\n\n\n\n<p>Garrido Garnier,&nbsp;Amparo&nbsp; &nbsp; &nbsp; &nbsp; &nbsp; &nbsp; &nbsp; &nbsp; &nbsp; &nbsp; &nbsp;Audici\u00f3n y Lenguaje Eso<\/p>\n\n\n\n<p>Chaves Pe\u00f1a, Luc\u00eda&nbsp; &nbsp; &nbsp; &nbsp; &nbsp; &nbsp; &nbsp; &nbsp; &nbsp; &nbsp; &nbsp; &nbsp; &nbsp; &nbsp; Audici\u00f3n y Lenguaje Eso. (Signos)<\/p>\n\n\n\n<p>Vargas Mu\u00f1oz, M\u00aa Estela&nbsp; &nbsp; &nbsp; &nbsp; &nbsp; &nbsp; &nbsp; &nbsp; &nbsp; &nbsp; Audici\u00f3n y Lenguaje Eso. (Signos)<\/p>\n\n\n\n<p><a href=\"https:\/\/iesazcona.org\/wp-content\/uploads\/2025\/11\/Criterios-de-evaluacion-LSE-2o.pdf\">CRITERIOS DE EVALUACI\u00d3N ESPEC\u00cdFICOS LSE 2\u00ba ESO curso 25\/26<\/a><\/p>\n\n\n\n<p><a href=\"https:\/\/iesazcona.org\/wp-content\/uploads\/2025\/11\/CRITERIOS-EVAL-E-INSTRUMENTOS-CALIF-CLS.pdf\">CRITERIOS E INSTRUMENTOS DE EVALUCACI\u00d3N CLS CURSO 25\/26 &nbsp;<\/a>&nbsp; &nbsp; &nbsp;<\/p>\n\n\n\n<p><strong>\u00bfQu\u00e9 es el Departamento de Orientaci\u00f3n?<\/strong><\/p>\n\n\n\n<p>Los profesionales que forman parten del departamento llevan a cabo actuaciones encaminadas a asegurar una formaci\u00f3n integral del alumnado y a la adaptaci\u00f3n de los procesos de ense\u00f1anza a las caracter\u00edsticas y necesidades de todos los alumnos y alumnas. Dichas actuaciones se dividen en tres planes:<\/p>\n\n\n\n<ol class=\"wp-block-list\">\n<li>Atenci\u00f3n a la Diversidad:&nbsp;asesoramiento al centro en relaci\u00f3n con las medidas de atenci\u00f3n a la diversidad, coordinaci\u00f3n de la evaluaci\u00f3n psicopedag\u00f3gica y colaboraci\u00f3n en el dise\u00f1o y desarrollo de las adaptaciones curriculares dirigidas al alumnado con necesidades educativas especiales. As\u00ed mismo, los Programas de Diversificaci\u00f3n Curricular, Programa de Mejora del Aprendizaje y el Rendimiento y los Servicios Administrativos de la Formaci\u00f3n Profesional B\u00e1sica forman parte de la programaci\u00f3n del departamento de orientaci\u00f3n.<\/li>\n\n\n\n<li>Acci\u00f3n tutorial:&nbsp;El Plan de Acci\u00f3n Tutorial (P.A.T.) se coordina a trav\u00e9s de reuniones peri\u00f3dicas entre la jefa del departamento de orientaci\u00f3n y los profesores\/as-tutores\/as, y&nbsp; con la supervisi\u00f3n de la jefa de estudios. El objetivo general de la acci\u00f3n tutorial es personalizar la acci\u00f3n docente y desarrollar en el alumnado distintas capacidades y competencias relacionadas con ense\u00f1ar a pensar, a ser persona, a convivir y a decidirse.<\/li>\n\n\n\n<li>Orientaci\u00f3n Acad\u00e9mico y Profesional :&nbsp;se pretende desarrollar en el alumnado la auto-orientaci\u00f3n mediante la puesta en marcha de acciones para el conocimiento sobre s\u00ed mismos, del mundo acad\u00e9mico y laboral, de t\u00e9cnicas que faciliten su transici\u00f3n a la vida activa y sobre la toma de decisiones.<\/li>\n<\/ol>\n\n\n\n<h4 class=\"wp-block-heading\"><strong>Consejos para ser feliz:<\/strong>&nbsp;<\/h4>\n\n\n\n<figure class=\"wp-block-embed is-type-rich is-provider-gestor-del-servicio wp-block-embed-gestor-del-servicio\"><div class=\"wp-block-embed__wrapper\">\nhttps:\/\/youtube.com\/watch?v=9QfagyYL96g%3Frel%3D0%26fs%3D1%26wmode%3Dtransparent\n<\/div><\/figure>\n\n\n\n<ul class=\"wp-block-list\">\n<li><a href=\"http:\/\/www.iesazcona.org\/index.php\/es\/departamentos\/orientacion\/173-documentos-y-enlaces-orient\">Documentos y Enlaces<\/a><\/li>\n<\/ul>\n<p>Visitas: 99<\/p>","protected":false},"excerpt":{"rendered":"<p>Presentaci\u00f3n del Departamento No se puede iniciar una traves\u00eda sin conocer el destino y sin contar con los mapas y [&hellip;]<\/p>\n","protected":false},"author":1,"featured_media":0,"parent":0,"menu_order":0,"comment_status":"closed","ping_status":"closed","template":"","meta":{"_uag_custom_page_level_css":"","site-sidebar-layout":"default","site-content-layout":"","ast-site-content-layout":"","site-content-style":"default","site-sidebar-style":"default","ast-global-header-display":"","ast-banner-title-visibility":"","ast-main-header-display":"","ast-hfb-above-header-display":"","ast-hfb-below-header-display":"","ast-hfb-mobile-header-display":"","site-post-title":"","ast-breadcrumbs-content":"","ast-featured-img":"","footer-sml-layout":"","theme-transparent-header-meta":"","adv-header-id-meta":"","stick-header-meta":"","header-above-stick-meta":"","header-main-stick-meta":"","header-below-stick-meta":"","astra-migrate-meta-layouts":"default","ast-page-background-enabled":"default","ast-page-background-meta":{"desktop":{"background-color":"var(--ast-global-color-5)","background-image":"","background-repeat":"repeat","background-position":"center center","background-size":"auto","background-attachment":"scroll","background-type":"","background-media":"","overlay-type":"","overlay-color":"","overlay-opacity":"","overlay-gradient":""},"tablet":{"background-color":"","background-image":"","background-repeat":"repeat","background-position":"center center","background-size":"auto","background-attachment":"scroll","background-type":"","background-media":"","overlay-type":"","overlay-color":"","overlay-opacity":"","overlay-gradient":""},"mobile":{"background-color":"","background-image":"","background-repeat":"repeat","background-position":"center center","background-size":"auto","background-attachment":"scroll","background-type":"","background-media":"","overlay-type":"","overlay-color":"","overlay-opacity":"","overlay-gradient":""}},"ast-content-background-meta":{"desktop":{"background-color":"var(--ast-global-color-4)","background-image":"","background-repeat":"repeat","background-position":"center center","background-size":"auto","background-attachment":"scroll","background-type":"","background-media":"","overlay-type":"","overlay-color":"","overlay-opacity":"","overlay-gradient":""},"tablet":{"background-color":"var(--ast-global-color-4)","background-image":"","background-repeat":"repeat","background-position":"center center","background-size":"auto","background-attachment":"scroll","background-type":"","background-media":"","overlay-type":"","overlay-color":"","overlay-opacity":"","overlay-gradient":""},"mobile":{"background-color":"var(--ast-global-color-4)","background-image":"","background-repeat":"repeat","background-position":"center center","background-size":"auto","background-attachment":"scroll","background-type":"","background-media":"","overlay-type":"","overlay-color":"","overlay-opacity":"","overlay-gradient":""}},"_kadence_starter_templates_imported_post":false,"footnotes":""},"class_list":["post-1303","page","type-page","status-publish","hentry"],"yoast_head":"<!-- This site is optimized with the Yoast SEO plugin v24.1 - https:\/\/yoast.com\/wordpress\/plugins\/seo\/ -->\n<title>ORIENTACION - I.E.S. AZCONA<\/title>\n<meta name=\"robots\" content=\"index, follow, max-snippet:-1, max-image-preview:large, max-video-preview:-1\" \/>\n<link rel=\"canonical\" href=\"https:\/\/iesazcona.org\/?page_id=1303\" \/>\n<meta property=\"og:locale\" content=\"es_ES\" \/>\n<meta property=\"og:type\" content=\"article\" \/>\n<meta property=\"og:title\" content=\"ORIENTACION - I.E.S. AZCONA\" \/>\n<meta property=\"og:description\" content=\"Presentaci\u00f3n del Departamento No se puede iniciar una traves\u00eda sin conocer el destino y sin contar con los mapas y [&hellip;]\" \/>\n<meta property=\"og:url\" content=\"https:\/\/iesazcona.org\/?page_id=1303\" \/>\n<meta property=\"og:site_name\" content=\"I.E.S. AZCONA\" \/>\n<meta property=\"article:modified_time\" content=\"2025-11-20T06:29:00+00:00\" \/>\n<meta property=\"og:image\" content=\"https:\/\/iesazcona.org\/wp-content\/uploads\/2025\/01\/image-4.png\" \/>\n\t<meta property=\"og:image:width\" content=\"900\" \/>\n\t<meta property=\"og:image:height\" content=\"240\" \/>\n\t<meta property=\"og:image:type\" content=\"image\/png\" \/>\n<meta name=\"twitter:card\" content=\"summary_large_image\" \/>\n<meta name=\"twitter:label1\" content=\"Tiempo de lectura\" \/>\n\t<meta name=\"twitter:data1\" content=\"3 minutos\" \/>\n<script type=\"application\/ld+json\" class=\"yoast-schema-graph\">{\"@context\":\"https:\/\/schema.org\",\"@graph\":[{\"@type\":\"WebPage\",\"@id\":\"https:\/\/iesazcona.org\/?page_id=1303\",\"url\":\"https:\/\/iesazcona.org\/?page_id=1303\",\"name\":\"ORIENTACION - I.E.S. AZCONA\",\"isPartOf\":{\"@id\":\"https:\/\/iesazcona.org\/#website\"},\"primaryImageOfPage\":{\"@id\":\"https:\/\/iesazcona.org\/?page_id=1303#primaryimage\"},\"image\":{\"@id\":\"https:\/\/iesazcona.org\/?page_id=1303#primaryimage\"},\"thumbnailUrl\":\"https:\/\/iesazcona.org\/wp-content\/uploads\/2025\/01\/image-4.png\",\"datePublished\":\"2025-01-24T11:12:34+00:00\",\"dateModified\":\"2025-11-20T06:29:00+00:00\",\"breadcrumb\":{\"@id\":\"https:\/\/iesazcona.org\/?page_id=1303#breadcrumb\"},\"inLanguage\":\"es\",\"potentialAction\":[{\"@type\":\"ReadAction\",\"target\":[\"https:\/\/iesazcona.org\/?page_id=1303\"]}]},{\"@type\":\"ImageObject\",\"inLanguage\":\"es\",\"@id\":\"https:\/\/iesazcona.org\/?page_id=1303#primaryimage\",\"url\":\"https:\/\/iesazcona.org\/wp-content\/uploads\/2025\/01\/image-4.png\",\"contentUrl\":\"https:\/\/iesazcona.org\/wp-content\/uploads\/2025\/01\/image-4.png\",\"width\":900,\"height\":240},{\"@type\":\"BreadcrumbList\",\"@id\":\"https:\/\/iesazcona.org\/?page_id=1303#breadcrumb\",\"itemListElement\":[{\"@type\":\"ListItem\",\"position\":1,\"name\":\"Portada\",\"item\":\"https:\/\/iesazcona.org\/\"},{\"@type\":\"ListItem\",\"position\":2,\"name\":\"ORIENTACION\"}]},{\"@type\":\"WebSite\",\"@id\":\"https:\/\/iesazcona.org\/#website\",\"url\":\"https:\/\/iesazcona.org\/\",\"name\":\"I.E.S. AZCONA\",\"description\":\"P\u00e1gina web del IES Azcona en Almer\u00eda.\",\"publisher\":{\"@id\":\"https:\/\/iesazcona.org\/#organization\"},\"potentialAction\":[{\"@type\":\"SearchAction\",\"target\":{\"@type\":\"EntryPoint\",\"urlTemplate\":\"https:\/\/iesazcona.org\/?s={search_term_string}\"},\"query-input\":{\"@type\":\"PropertyValueSpecification\",\"valueRequired\":true,\"valueName\":\"search_term_string\"}}],\"inLanguage\":\"es\"},{\"@type\":\"Organization\",\"@id\":\"https:\/\/iesazcona.org\/#organization\",\"name\":\"I.E.S. AZCONA\",\"url\":\"https:\/\/iesazcona.org\/\",\"logo\":{\"@type\":\"ImageObject\",\"inLanguage\":\"es\",\"@id\":\"https:\/\/iesazcona.org\/#\/schema\/logo\/image\/\",\"url\":\"https:\/\/iesazcona.org\/wp-content\/uploads\/2025\/01\/logo.jpg\",\"contentUrl\":\"https:\/\/iesazcona.org\/wp-content\/uploads\/2025\/01\/logo.jpg\",\"width\":204,\"height\":192,\"caption\":\"I.E.S. AZCONA\"},\"image\":{\"@id\":\"https:\/\/iesazcona.org\/#\/schema\/logo\/image\/\"}}]}<\/script>\n<!-- \/ Yoast SEO plugin. -->","yoast_head_json":{"title":"ORIENTACION - I.E.S. AZCONA","robots":{"index":"index","follow":"follow","max-snippet":"max-snippet:-1","max-image-preview":"max-image-preview:large","max-video-preview":"max-video-preview:-1"},"canonical":"https:\/\/iesazcona.org\/?page_id=1303","og_locale":"es_ES","og_type":"article","og_title":"ORIENTACION - I.E.S. AZCONA","og_description":"Presentaci\u00f3n del Departamento No se puede iniciar una traves\u00eda sin conocer el destino y sin contar con los mapas y [&hellip;]","og_url":"https:\/\/iesazcona.org\/?page_id=1303","og_site_name":"I.E.S. AZCONA","article_modified_time":"2025-11-20T06:29:00+00:00","og_image":[{"width":900,"height":240,"url":"https:\/\/iesazcona.org\/wp-content\/uploads\/2025\/01\/image-4.png","type":"image\/png"}],"twitter_card":"summary_large_image","twitter_misc":{"Tiempo de lectura":"3 minutos"},"schema":{"@context":"https:\/\/schema.org","@graph":[{"@type":"WebPage","@id":"https:\/\/iesazcona.org\/?page_id=1303","url":"https:\/\/iesazcona.org\/?page_id=1303","name":"ORIENTACION - I.E.S. AZCONA","isPartOf":{"@id":"https:\/\/iesazcona.org\/#website"},"primaryImageOfPage":{"@id":"https:\/\/iesazcona.org\/?page_id=1303#primaryimage"},"image":{"@id":"https:\/\/iesazcona.org\/?page_id=1303#primaryimage"},"thumbnailUrl":"https:\/\/iesazcona.org\/wp-content\/uploads\/2025\/01\/image-4.png","datePublished":"2025-01-24T11:12:34+00:00","dateModified":"2025-11-20T06:29:00+00:00","breadcrumb":{"@id":"https:\/\/iesazcona.org\/?page_id=1303#breadcrumb"},"inLanguage":"es","potentialAction":[{"@type":"ReadAction","target":["https:\/\/iesazcona.org\/?page_id=1303"]}]},{"@type":"ImageObject","inLanguage":"es","@id":"https:\/\/iesazcona.org\/?page_id=1303#primaryimage","url":"https:\/\/iesazcona.org\/wp-content\/uploads\/2025\/01\/image-4.png","contentUrl":"https:\/\/iesazcona.org\/wp-content\/uploads\/2025\/01\/image-4.png","width":900,"height":240},{"@type":"BreadcrumbList","@id":"https:\/\/iesazcona.org\/?page_id=1303#breadcrumb","itemListElement":[{"@type":"ListItem","position":1,"name":"Portada","item":"https:\/\/iesazcona.org\/"},{"@type":"ListItem","position":2,"name":"ORIENTACION"}]},{"@type":"WebSite","@id":"https:\/\/iesazcona.org\/#website","url":"https:\/\/iesazcona.org\/","name":"I.E.S. AZCONA","description":"P\u00e1gina web del IES Azcona en Almer\u00eda.","publisher":{"@id":"https:\/\/iesazcona.org\/#organization"},"potentialAction":[{"@type":"SearchAction","target":{"@type":"EntryPoint","urlTemplate":"https:\/\/iesazcona.org\/?s={search_term_string}"},"query-input":{"@type":"PropertyValueSpecification","valueRequired":true,"valueName":"search_term_string"}}],"inLanguage":"es"},{"@type":"Organization","@id":"https:\/\/iesazcona.org\/#organization","name":"I.E.S. AZCONA","url":"https:\/\/iesazcona.org\/","logo":{"@type":"ImageObject","inLanguage":"es","@id":"https:\/\/iesazcona.org\/#\/schema\/logo\/image\/","url":"https:\/\/iesazcona.org\/wp-content\/uploads\/2025\/01\/logo.jpg","contentUrl":"https:\/\/iesazcona.org\/wp-content\/uploads\/2025\/01\/logo.jpg","width":204,"height":192,"caption":"I.E.S. AZCONA"},"image":{"@id":"https:\/\/iesazcona.org\/#\/schema\/logo\/image\/"}}]}},"uagb_featured_image_src":{"full":false,"thumbnail":false,"medium":false,"medium_large":false,"large":false,"1536x1536":false,"2048x2048":false,"ultp_layout_landscape_large":false,"ultp_layout_landscape":false,"ultp_layout_portrait":false,"ultp_layout_square":false},"uagb_author_info":{"display_name":"admin","author_link":"https:\/\/iesazcona.org\/?author=1"},"uagb_comment_info":0,"uagb_excerpt":"Presentaci\u00f3n del Departamento No se puede iniciar una traves\u00eda sin conocer el destino y sin contar con los mapas y [&hellip;]","_links":{"self":[{"href":"https:\/\/iesazcona.org\/index.php?rest_route=\/wp\/v2\/pages\/1303","targetHints":{"allow":["GET"]}}],"collection":[{"href":"https:\/\/iesazcona.org\/index.php?rest_route=\/wp\/v2\/pages"}],"about":[{"href":"https:\/\/iesazcona.org\/index.php?rest_route=\/wp\/v2\/types\/page"}],"author":[{"embeddable":true,"href":"https:\/\/iesazcona.org\/index.php?rest_route=\/wp\/v2\/users\/1"}],"replies":[{"embeddable":true,"href":"https:\/\/iesazcona.org\/index.php?rest_route=%2Fwp%2Fv2%2Fcomments&post=1303"}],"version-history":[{"count":5,"href":"https:\/\/iesazcona.org\/index.php?rest_route=\/wp\/v2\/pages\/1303\/revisions"}],"predecessor-version":[{"id":2165,"href":"https:\/\/iesazcona.org\/index.php?rest_route=\/wp\/v2\/pages\/1303\/revisions\/2165"}],"wp:attachment":[{"href":"https:\/\/iesazcona.org\/index.php?rest_route=%2Fwp%2Fv2%2Fmedia&parent=1303"}],"curies":[{"name":"wp","href":"https:\/\/api.w.org\/{rel}","templated":true}]}}