{"id":1338,"date":"2025-01-24T12:02:08","date_gmt":"2025-01-24T12:02:08","guid":{"rendered":"https:\/\/iesazcona.org\/?page_id=1338"},"modified":"2025-11-05T21:16:53","modified_gmt":"2025-11-05T21:16:53","slug":"lengua-castellana-y-literatura","status":"publish","type":"page","link":"https:\/\/iesazcona.org\/?page_id=1338","title":{"rendered":"LENGUA CASTELLANA Y LITERATURA"},"content":{"rendered":"\n<figure class=\"wp-block-image size-full\"><img fetchpriority=\"high\" decoding=\"async\" width=\"900\" height=\"240\" src=\"https:\/\/iesazcona.org\/wp-content\/uploads\/2025\/01\/image-13.png\" alt=\"\" class=\"wp-image-1346\" srcset=\"https:\/\/iesazcona.org\/wp-content\/uploads\/2025\/01\/image-13.png 900w, https:\/\/iesazcona.org\/wp-content\/uploads\/2025\/01\/image-13-300x80.png 300w, https:\/\/iesazcona.org\/wp-content\/uploads\/2025\/01\/image-13-768x205.png 768w\" sizes=\"(max-width: 900px) 100vw, 900px\" \/><\/figure>\n\n\n\n<h4 class=\"wp-block-heading\"><strong>PROFESORES INTEGRANTES<\/strong><\/h4>\n\n\n\n<p>D\u00aa. Mar\u00eda Gonz\u00e1lez Clemente&nbsp;<\/p>\n\n\n\n<p>D. Lisardo Padilla Gonz\u00e1lez<\/p>\n\n\n\n<p>D\u00aa. Isabel&nbsp;Mart\u00edn P\u00e9rez&nbsp;<\/p>\n\n\n\n<p>D.&nbsp;Antonio&nbsp;Navarro S\u00e1nchez&nbsp;<\/p>\n\n\n\n<p>D. Jorge Mart\u00ednez Montoro&nbsp;(Jefe de Departamento)<\/p>\n\n\n\n<p>D\u00aa Ana Gertrudis Garc\u00eda L\u00f3pez<\/p>\n\n\n\n<p>D\u00aa Cristina S\u00e1nchez Fern\u00e1ndez<\/p>\n\n\n\n<p><strong>DOCUMENTOS del DEPARTAMENTO<\/strong><\/p>\n\n\n\n<p><a href=\"https:\/\/iesazcona.org\/wp-content\/uploads\/2025\/11\/CRITERIOS-E-INSTRUM-EVALUACION-DPTO-LENGUA-C-Y-L-Y-CLASICAS-25-26.pdf\">CRITERIOS E INSTRUMENTOS DE EVALUACI\u00d3N CURSO 25\/26<\/a><\/p>\n\n\n\n<h4 class=\"wp-block-heading\"><strong>MATERIALES CURRICULARES.<a href=\"http:\/\/www.iesazcona.org\/images\/Curso2021\/LIBROS-TEXTO20_21-L.pdf\">&nbsp;Libros de Texto<\/a><\/strong><\/h4>\n\n\n\n<p><a href=\"http:\/\/www.iesazcona.org\/images\/Curso2021\/LIBROS-TEXTO20_21-L.pdf\"><\/a><\/p>\n\n\n\n<h4 class=\"wp-block-heading\">&nbsp;<\/h4>\n\n\n\n<ul class=\"wp-block-list\">\n<li><a href=\"http:\/\/www.iesazcona.org\/index.php\/es\/departamentos\/areasocial-linguistica\/lengua-castellana-y-literatura\/157-el-pais-de-los-estudiantes-curso-2012-13\">El Pa\u00eds de los Estudiantes. Curso 2012-13<\/a><\/li>\n\n\n\n<li><a href=\"http:\/\/www.iesazcona.org\/index.php\/es\/departamentos\/areasocial-linguistica\/lengua-castellana-y-literatura\/200-i-torneo-de-cifras-y-letra-curso-2011-12\">I Torneo de Cifras y Letra. Curso 2011-12<\/a><\/li>\n<\/ul>\n\n\n\n<p><\/p>\n<p>Visitas: 100<\/p>","protected":false},"excerpt":{"rendered":"<p>PROFESORES INTEGRANTES D\u00aa. Mar\u00eda Gonz\u00e1lez Clemente&nbsp; D. Lisardo Padilla Gonz\u00e1lez D\u00aa. Isabel&nbsp;Mart\u00edn P\u00e9rez&nbsp; D.&nbsp;Antonio&nbsp;Navarro S\u00e1nchez&nbsp; D. Jorge Mart\u00ednez Montoro&nbsp;(Jefe de [&hellip;]<\/p>\n","protected":false},"author":1,"featured_media":0,"parent":0,"menu_order":0,"comment_status":"closed","ping_status":"closed","template":"","meta":{"_uag_custom_page_level_css":"","site-sidebar-layout":"default","site-content-layout":"","ast-site-content-layout":"","site-content-style":"default","site-sidebar-style":"default","ast-global-header-display":"","ast-banner-title-visibility":"","ast-main-header-display":"","ast-hfb-above-header-display":"","ast-hfb-below-header-display":"","ast-hfb-mobile-header-display":"","site-post-title":"","ast-breadcrumbs-content":"","ast-featured-img":"","footer-sml-layout":"","theme-transparent-header-meta":"","adv-header-id-meta":"","stick-header-meta":"","header-above-stick-meta":"","header-main-stick-meta":"","header-below-stick-meta":"","astra-migrate-meta-layouts":"default","ast-page-background-enabled":"default","ast-page-background-meta":{"desktop":{"background-color":"var(--ast-global-color-5)","background-image":"","background-repeat":"repeat","background-position":"center center","background-size":"auto","background-attachment":"scroll","background-type":"","background-media":"","overlay-type":"","overlay-color":"","overlay-opacity":"","overlay-gradient":""},"tablet":{"background-color":"","background-image":"","background-repeat":"repeat","background-position":"center center","background-size":"auto","background-attachment":"scroll","background-type":"","background-media":"","overlay-type":"","overlay-color":"","overlay-opacity":"","overlay-gradient":""},"mobile":{"background-color":"","background-image":"","background-repeat":"repeat","background-position":"center center","background-size":"auto","background-attachment":"scroll","background-type":"","background-media":"","overlay-type":"","overlay-color":"","overlay-opacity":"","overlay-gradient":""}},"ast-content-background-meta":{"desktop":{"background-color":"var(--ast-global-color-4)","background-image":"","background-repeat":"repeat","background-position":"center center","background-size":"auto","background-attachment":"scroll","background-type":"","background-media":"","overlay-type":"","overlay-color":"","overlay-opacity":"","overlay-gradient":""},"tablet":{"background-color":"var(--ast-global-color-4)","background-image":"","background-repeat":"repeat","background-position":"center center","background-size":"auto","background-attachment":"scroll","background-type":"","background-media":"","overlay-type":"","overlay-color":"","overlay-opacity":"","overlay-gradient":""},"mobile":{"background-color":"var(--ast-global-color-4)","background-image":"","background-repeat":"repeat","background-position":"center center","background-size":"auto","background-attachment":"scroll","background-type":"","background-media":"","overlay-type":"","overlay-color":"","overlay-opacity":"","overlay-gradient":""}},"_kadence_starter_templates_imported_post":false,"footnotes":""},"class_list":["post-1338","page","type-page","status-publish","hentry"],"yoast_head":"<!-- This site is optimized with the Yoast SEO plugin v24.1 - https:\/\/yoast.com\/wordpress\/plugins\/seo\/ -->\n<title>LENGUA CASTELLANA Y LITERATURA - I.E.S. AZCONA<\/title>\n<meta name=\"robots\" content=\"index, follow, max-snippet:-1, max-image-preview:large, max-video-preview:-1\" \/>\n<link rel=\"canonical\" href=\"https:\/\/iesazcona.org\/?page_id=1338\" \/>\n<meta property=\"og:locale\" content=\"es_ES\" \/>\n<meta property=\"og:type\" content=\"article\" \/>\n<meta property=\"og:title\" content=\"LENGUA CASTELLANA Y LITERATURA - I.E.S. AZCONA\" \/>\n<meta property=\"og:description\" content=\"PROFESORES INTEGRANTES D\u00aa. Mar\u00eda Gonz\u00e1lez Clemente&nbsp; D. Lisardo Padilla Gonz\u00e1lez D\u00aa. Isabel&nbsp;Mart\u00edn P\u00e9rez&nbsp; D.&nbsp;Antonio&nbsp;Navarro S\u00e1nchez&nbsp; D. Jorge Mart\u00ednez Montoro&nbsp;(Jefe de [&hellip;]\" \/>\n<meta property=\"og:url\" content=\"https:\/\/iesazcona.org\/?page_id=1338\" \/>\n<meta property=\"og:site_name\" content=\"I.E.S. AZCONA\" \/>\n<meta property=\"article:modified_time\" content=\"2025-11-05T21:16:53+00:00\" \/>\n<meta property=\"og:image\" content=\"https:\/\/iesazcona.org\/wp-content\/uploads\/2025\/01\/image-13.png\" \/>\n\t<meta property=\"og:image:width\" content=\"900\" \/>\n\t<meta property=\"og:image:height\" content=\"240\" \/>\n\t<meta property=\"og:image:type\" content=\"image\/png\" \/>\n<meta name=\"twitter:card\" content=\"summary_large_image\" \/>\n<meta name=\"twitter:label1\" content=\"Tiempo de lectura\" \/>\n\t<meta name=\"twitter:data1\" content=\"1 minuto\" \/>\n<script type=\"application\/ld+json\" class=\"yoast-schema-graph\">{\"@context\":\"https:\/\/schema.org\",\"@graph\":[{\"@type\":\"WebPage\",\"@id\":\"https:\/\/iesazcona.org\/?page_id=1338\",\"url\":\"https:\/\/iesazcona.org\/?page_id=1338\",\"name\":\"LENGUA CASTELLANA Y LITERATURA - I.E.S. AZCONA\",\"isPartOf\":{\"@id\":\"https:\/\/iesazcona.org\/#website\"},\"primaryImageOfPage\":{\"@id\":\"https:\/\/iesazcona.org\/?page_id=1338#primaryimage\"},\"image\":{\"@id\":\"https:\/\/iesazcona.org\/?page_id=1338#primaryimage\"},\"thumbnailUrl\":\"https:\/\/iesazcona.org\/wp-content\/uploads\/2025\/01\/image-13.png\",\"datePublished\":\"2025-01-24T12:02:08+00:00\",\"dateModified\":\"2025-11-05T21:16:53+00:00\",\"breadcrumb\":{\"@id\":\"https:\/\/iesazcona.org\/?page_id=1338#breadcrumb\"},\"inLanguage\":\"es\",\"potentialAction\":[{\"@type\":\"ReadAction\",\"target\":[\"https:\/\/iesazcona.org\/?page_id=1338\"]}]},{\"@type\":\"ImageObject\",\"inLanguage\":\"es\",\"@id\":\"https:\/\/iesazcona.org\/?page_id=1338#primaryimage\",\"url\":\"https:\/\/iesazcona.org\/wp-content\/uploads\/2025\/01\/image-13.png\",\"contentUrl\":\"https:\/\/iesazcona.org\/wp-content\/uploads\/2025\/01\/image-13.png\",\"width\":900,\"height\":240},{\"@type\":\"BreadcrumbList\",\"@id\":\"https:\/\/iesazcona.org\/?page_id=1338#breadcrumb\",\"itemListElement\":[{\"@type\":\"ListItem\",\"position\":1,\"name\":\"Portada\",\"item\":\"https:\/\/iesazcona.org\/\"},{\"@type\":\"ListItem\",\"position\":2,\"name\":\"LENGUA CASTELLANA Y LITERATURA\"}]},{\"@type\":\"WebSite\",\"@id\":\"https:\/\/iesazcona.org\/#website\",\"url\":\"https:\/\/iesazcona.org\/\",\"name\":\"I.E.S. AZCONA\",\"description\":\"P\u00e1gina web del IES Azcona en Almer\u00eda.\",\"publisher\":{\"@id\":\"https:\/\/iesazcona.org\/#organization\"},\"potentialAction\":[{\"@type\":\"SearchAction\",\"target\":{\"@type\":\"EntryPoint\",\"urlTemplate\":\"https:\/\/iesazcona.org\/?s={search_term_string}\"},\"query-input\":{\"@type\":\"PropertyValueSpecification\",\"valueRequired\":true,\"valueName\":\"search_term_string\"}}],\"inLanguage\":\"es\"},{\"@type\":\"Organization\",\"@id\":\"https:\/\/iesazcona.org\/#organization\",\"name\":\"I.E.S. AZCONA\",\"url\":\"https:\/\/iesazcona.org\/\",\"logo\":{\"@type\":\"ImageObject\",\"inLanguage\":\"es\",\"@id\":\"https:\/\/iesazcona.org\/#\/schema\/logo\/image\/\",\"url\":\"https:\/\/iesazcona.org\/wp-content\/uploads\/2025\/01\/logo.jpg\",\"contentUrl\":\"https:\/\/iesazcona.org\/wp-content\/uploads\/2025\/01\/logo.jpg\",\"width\":204,\"height\":192,\"caption\":\"I.E.S. AZCONA\"},\"image\":{\"@id\":\"https:\/\/iesazcona.org\/#\/schema\/logo\/image\/\"}}]}<\/script>\n<!-- \/ Yoast SEO plugin. -->","yoast_head_json":{"title":"LENGUA CASTELLANA Y LITERATURA - I.E.S. AZCONA","robots":{"index":"index","follow":"follow","max-snippet":"max-snippet:-1","max-image-preview":"max-image-preview:large","max-video-preview":"max-video-preview:-1"},"canonical":"https:\/\/iesazcona.org\/?page_id=1338","og_locale":"es_ES","og_type":"article","og_title":"LENGUA CASTELLANA Y LITERATURA - I.E.S. AZCONA","og_description":"PROFESORES INTEGRANTES D\u00aa. Mar\u00eda Gonz\u00e1lez Clemente&nbsp; D. Lisardo Padilla Gonz\u00e1lez D\u00aa. Isabel&nbsp;Mart\u00edn P\u00e9rez&nbsp; D.&nbsp;Antonio&nbsp;Navarro S\u00e1nchez&nbsp; D. Jorge Mart\u00ednez Montoro&nbsp;(Jefe de [&hellip;]","og_url":"https:\/\/iesazcona.org\/?page_id=1338","og_site_name":"I.E.S. AZCONA","article_modified_time":"2025-11-05T21:16:53+00:00","og_image":[{"width":900,"height":240,"url":"https:\/\/iesazcona.org\/wp-content\/uploads\/2025\/01\/image-13.png","type":"image\/png"}],"twitter_card":"summary_large_image","twitter_misc":{"Tiempo de lectura":"1 minuto"},"schema":{"@context":"https:\/\/schema.org","@graph":[{"@type":"WebPage","@id":"https:\/\/iesazcona.org\/?page_id=1338","url":"https:\/\/iesazcona.org\/?page_id=1338","name":"LENGUA CASTELLANA Y LITERATURA - I.E.S. AZCONA","isPartOf":{"@id":"https:\/\/iesazcona.org\/#website"},"primaryImageOfPage":{"@id":"https:\/\/iesazcona.org\/?page_id=1338#primaryimage"},"image":{"@id":"https:\/\/iesazcona.org\/?page_id=1338#primaryimage"},"thumbnailUrl":"https:\/\/iesazcona.org\/wp-content\/uploads\/2025\/01\/image-13.png","datePublished":"2025-01-24T12:02:08+00:00","dateModified":"2025-11-05T21:16:53+00:00","breadcrumb":{"@id":"https:\/\/iesazcona.org\/?page_id=1338#breadcrumb"},"inLanguage":"es","potentialAction":[{"@type":"ReadAction","target":["https:\/\/iesazcona.org\/?page_id=1338"]}]},{"@type":"ImageObject","inLanguage":"es","@id":"https:\/\/iesazcona.org\/?page_id=1338#primaryimage","url":"https:\/\/iesazcona.org\/wp-content\/uploads\/2025\/01\/image-13.png","contentUrl":"https:\/\/iesazcona.org\/wp-content\/uploads\/2025\/01\/image-13.png","width":900,"height":240},{"@type":"BreadcrumbList","@id":"https:\/\/iesazcona.org\/?page_id=1338#breadcrumb","itemListElement":[{"@type":"ListItem","position":1,"name":"Portada","item":"https:\/\/iesazcona.org\/"},{"@type":"ListItem","position":2,"name":"LENGUA CASTELLANA Y LITERATURA"}]},{"@type":"WebSite","@id":"https:\/\/iesazcona.org\/#website","url":"https:\/\/iesazcona.org\/","name":"I.E.S. AZCONA","description":"P\u00e1gina web del IES Azcona en Almer\u00eda.","publisher":{"@id":"https:\/\/iesazcona.org\/#organization"},"potentialAction":[{"@type":"SearchAction","target":{"@type":"EntryPoint","urlTemplate":"https:\/\/iesazcona.org\/?s={search_term_string}"},"query-input":{"@type":"PropertyValueSpecification","valueRequired":true,"valueName":"search_term_string"}}],"inLanguage":"es"},{"@type":"Organization","@id":"https:\/\/iesazcona.org\/#organization","name":"I.E.S. AZCONA","url":"https:\/\/iesazcona.org\/","logo":{"@type":"ImageObject","inLanguage":"es","@id":"https:\/\/iesazcona.org\/#\/schema\/logo\/image\/","url":"https:\/\/iesazcona.org\/wp-content\/uploads\/2025\/01\/logo.jpg","contentUrl":"https:\/\/iesazcona.org\/wp-content\/uploads\/2025\/01\/logo.jpg","width":204,"height":192,"caption":"I.E.S. AZCONA"},"image":{"@id":"https:\/\/iesazcona.org\/#\/schema\/logo\/image\/"}}]}},"uagb_featured_image_src":{"full":false,"thumbnail":false,"medium":false,"medium_large":false,"large":false,"1536x1536":false,"2048x2048":false,"ultp_layout_landscape_large":false,"ultp_layout_landscape":false,"ultp_layout_portrait":false,"ultp_layout_square":false},"uagb_author_info":{"display_name":"admin","author_link":"https:\/\/iesazcona.org\/?author=1"},"uagb_comment_info":0,"uagb_excerpt":"PROFESORES INTEGRANTES D\u00aa. Mar\u00eda Gonz\u00e1lez Clemente&nbsp; D. Lisardo Padilla Gonz\u00e1lez D\u00aa. Isabel&nbsp;Mart\u00edn P\u00e9rez&nbsp; D.&nbsp;Antonio&nbsp;Navarro S\u00e1nchez&nbsp; D. Jorge Mart\u00ednez Montoro&nbsp;(Jefe de [&hellip;]","_links":{"self":[{"href":"https:\/\/iesazcona.org\/index.php?rest_route=\/wp\/v2\/pages\/1338","targetHints":{"allow":["GET"]}}],"collection":[{"href":"https:\/\/iesazcona.org\/index.php?rest_route=\/wp\/v2\/pages"}],"about":[{"href":"https:\/\/iesazcona.org\/index.php?rest_route=\/wp\/v2\/types\/page"}],"author":[{"embeddable":true,"href":"https:\/\/iesazcona.org\/index.php?rest_route=\/wp\/v2\/users\/1"}],"replies":[{"embeddable":true,"href":"https:\/\/iesazcona.org\/index.php?rest_route=%2Fwp%2Fv2%2Fcomments&post=1338"}],"version-history":[{"count":3,"href":"https:\/\/iesazcona.org\/index.php?rest_route=\/wp\/v2\/pages\/1338\/revisions"}],"predecessor-version":[{"id":2107,"href":"https:\/\/iesazcona.org\/index.php?rest_route=\/wp\/v2\/pages\/1338\/revisions\/2107"}],"wp:attachment":[{"href":"https:\/\/iesazcona.org\/index.php?rest_route=%2Fwp%2Fv2%2Fmedia&parent=1338"}],"curies":[{"name":"wp","href":"https:\/\/api.w.org\/{rel}","templated":true}]}}