{"id":1352,"date":"2025-01-24T12:08:44","date_gmt":"2025-01-24T12:08:44","guid":{"rendered":"https:\/\/iesazcona.org\/?page_id=1352"},"modified":"2025-11-05T21:19:18","modified_gmt":"2025-11-05T21:19:18","slug":"educacion-fisica","status":"publish","type":"page","link":"https:\/\/iesazcona.org\/?page_id=1352","title":{"rendered":"EDUCACION FISICA"},"content":{"rendered":"\n<figure class=\"wp-block-image size-full\"><img fetchpriority=\"high\" decoding=\"async\" width=\"900\" height=\"240\" src=\"https:\/\/iesazcona.org\/wp-content\/uploads\/2025\/01\/image-14.png\" alt=\"\" class=\"wp-image-1357\" srcset=\"https:\/\/iesazcona.org\/wp-content\/uploads\/2025\/01\/image-14.png 900w, https:\/\/iesazcona.org\/wp-content\/uploads\/2025\/01\/image-14-300x80.png 300w, https:\/\/iesazcona.org\/wp-content\/uploads\/2025\/01\/image-14-768x205.png 768w\" sizes=\"(max-width: 900px) 100vw, 900px\" \/><\/figure>\n\n\n\n<h4 class=\"wp-block-heading\"><strong>PROFESORES INTEGRANTES<\/strong><\/h4>\n\n\n\n<p><\/p>\n\n\n\n<p>D. Antonio Zarauz Sancho<\/p>\n\n\n\n<p>D\u00aa.&nbsp;Marta Mar\u00eda N\u00fa\u00f1ez Carretero &nbsp;(Jefa de Departamento) <\/p>\n\n\n\n<p>D\u00aa. Marta L\u00f3pez L\u00f3pez-Gay<\/p>\n\n\n\n<h4 class=\"wp-block-heading\"><strong>DOCUMENTOS del DEPARTAMENTO<\/strong><\/h4>\n\n\n\n<p><a href=\"https:\/\/iesazcona.org\/wp-content\/uploads\/2025\/11\/CRITERIOS-E-INSTRUM-EVALUACION-DPTO-ED-FISICA-25-26.pdf\">CRITERIOS E INSTRUMENTOS DE EVALUACI\u00d3N CURSO 25\/26<\/a><\/p>\n\n\n\n<p><a href=\"http:\/\/www.iesazcona.org\/images\/documentos\/DEdFisica\/curso1617\/RECUPERACIN-DE-PENDIENTES--EDUCACION-FSICA-2016-17.pdf\"><\/a><\/p>\n\n\n\n<h4 class=\"wp-block-heading\"><strong>MATERIALES CURRICULARES. Libros de Texto<\/strong><\/h4>\n\n\n\n<p><a href=\"https:\/\/iesazcona.org\/wp-content\/uploads\/2025\/10\/Apuntes-Teoria-E.F.-3oESO-IES-Azcona.pdf\">Apuntes&nbsp;y&nbsp;Teor\u00eda&nbsp;de 3\u00ba E.S.O.<\/a><\/p>\n\n\n\n<p><a href=\"https:\/\/iesazcona.org\/wp-content\/uploads\/2025\/10\/Apuntes-Teoria-E.F.-4oESO-IES-Azcona.pdf\">Apuntes&nbsp;y&nbsp;Teor\u00eda&nbsp;de 4\u00ba E.S.O.<\/a><\/p>\n\n\n\n<p><a href=\"https:\/\/iesazcona.org\/wp-content\/uploads\/2025\/10\/Apuntes-Teoria-E.F.-1oBACHILLERATO-IES-Azcona.pdf\">Apuntes&nbsp;y&nbsp;Teor\u00eda&nbsp;de 1\u00ba de Bachillerato<\/a><\/p>\n\n\n\n<p><a href=\"https:\/\/iesazcona.org\/wp-content\/uploads\/2025\/10\/Apuntes-Teoria-E.F.-2oBachillerato-IES-Azcona.pdf\">Apuntes&nbsp;y&nbsp;Teor\u00eda&nbsp;de 2\u00ba de Bachillerato<\/a><a href=\"http:\/\/www.iesazcona.org\/images\/curso1819\/EF\/Apuntes-Teora-E.F.-2Bachillerato-IES-Azcona.pdf\"><\/a><\/p>\n\n\n\n<h4 class=\"wp-block-heading\">&nbsp;<\/h4>\n\n\n\n<ul class=\"wp-block-list\">\n<li><a href=\"http:\/\/www.iesazcona.org\/index.php\/es\/departamentos\/area-cultural-artistica\/educacion-fisica\/116-subcampeonato-nacional-en-cadete-femenino\">Subcampeonato nacional en Cadete Femenino<\/a><\/li>\n<\/ul>\n<p>Visitas: 656<\/p>","protected":false},"excerpt":{"rendered":"<p>PROFESORES INTEGRANTES D. Antonio Zarauz Sancho D\u00aa.&nbsp;Marta Mar\u00eda N\u00fa\u00f1ez Carretero &nbsp;(Jefa de Departamento) D\u00aa. Marta L\u00f3pez L\u00f3pez-Gay DOCUMENTOS del DEPARTAMENTO [&hellip;]<\/p>\n","protected":false},"author":1,"featured_media":0,"parent":0,"menu_order":0,"comment_status":"closed","ping_status":"closed","template":"","meta":{"_uag_custom_page_level_css":"","site-sidebar-layout":"default","site-content-layout":"","ast-site-content-layout":"","site-content-style":"default","site-sidebar-style":"default","ast-global-header-display":"","ast-banner-title-visibility":"","ast-main-header-display":"","ast-hfb-above-header-display":"","ast-hfb-below-header-display":"","ast-hfb-mobile-header-display":"","site-post-title":"","ast-breadcrumbs-content":"","ast-featured-img":"","footer-sml-layout":"","theme-transparent-header-meta":"","adv-header-id-meta":"","stick-header-meta":"","header-above-stick-meta":"","header-main-stick-meta":"","header-below-stick-meta":"","astra-migrate-meta-layouts":"default","ast-page-background-enabled":"default","ast-page-background-meta":{"desktop":{"background-color":"var(--ast-global-color-5)","background-image":"","background-repeat":"repeat","background-position":"center center","background-size":"auto","background-attachment":"scroll","background-type":"","background-media":"","overlay-type":"","overlay-color":"","overlay-opacity":"","overlay-gradient":""},"tablet":{"background-color":"","background-image":"","background-repeat":"repeat","background-position":"center center","background-size":"auto","background-attachment":"scroll","background-type":"","background-media":"","overlay-type":"","overlay-color":"","overlay-opacity":"","overlay-gradient":""},"mobile":{"background-color":"","background-image":"","background-repeat":"repeat","background-position":"center center","background-size":"auto","background-attachment":"scroll","background-type":"","background-media":"","overlay-type":"","overlay-color":"","overlay-opacity":"","overlay-gradient":""}},"ast-content-background-meta":{"desktop":{"background-color":"var(--ast-global-color-4)","background-image":"","background-repeat":"repeat","background-position":"center center","background-size":"auto","background-attachment":"scroll","background-type":"","background-media":"","overlay-type":"","overlay-color":"","overlay-opacity":"","overlay-gradient":""},"tablet":{"background-color":"var(--ast-global-color-4)","background-image":"","background-repeat":"repeat","background-position":"center center","background-size":"auto","background-attachment":"scroll","background-type":"","background-media":"","overlay-type":"","overlay-color":"","overlay-opacity":"","overlay-gradient":""},"mobile":{"background-color":"var(--ast-global-color-4)","background-image":"","background-repeat":"repeat","background-position":"center center","background-size":"auto","background-attachment":"scroll","background-type":"","background-media":"","overlay-type":"","overlay-color":"","overlay-opacity":"","overlay-gradient":""}},"_kadence_starter_templates_imported_post":false,"footnotes":""},"class_list":["post-1352","page","type-page","status-publish","hentry"],"yoast_head":"<!-- This site is optimized with the Yoast SEO plugin v24.1 - https:\/\/yoast.com\/wordpress\/plugins\/seo\/ -->\n<title>EDUCACION FISICA - I.E.S. AZCONA<\/title>\n<meta name=\"robots\" content=\"index, follow, max-snippet:-1, max-image-preview:large, max-video-preview:-1\" \/>\n<link rel=\"canonical\" href=\"https:\/\/iesazcona.org\/?page_id=1352\" \/>\n<meta property=\"og:locale\" content=\"es_ES\" \/>\n<meta property=\"og:type\" content=\"article\" \/>\n<meta property=\"og:title\" content=\"EDUCACION FISICA - I.E.S. AZCONA\" \/>\n<meta property=\"og:description\" content=\"PROFESORES INTEGRANTES D. Antonio Zarauz Sancho D\u00aa.&nbsp;Marta Mar\u00eda N\u00fa\u00f1ez Carretero &nbsp;(Jefa de Departamento) D\u00aa. Marta L\u00f3pez L\u00f3pez-Gay DOCUMENTOS del DEPARTAMENTO [&hellip;]\" \/>\n<meta property=\"og:url\" content=\"https:\/\/iesazcona.org\/?page_id=1352\" \/>\n<meta property=\"og:site_name\" content=\"I.E.S. AZCONA\" \/>\n<meta property=\"article:modified_time\" content=\"2025-11-05T21:19:18+00:00\" \/>\n<meta property=\"og:image\" content=\"https:\/\/iesazcona.org\/wp-content\/uploads\/2025\/01\/image-14.png\" \/>\n\t<meta property=\"og:image:width\" content=\"900\" \/>\n\t<meta property=\"og:image:height\" content=\"240\" \/>\n\t<meta property=\"og:image:type\" content=\"image\/png\" \/>\n<meta name=\"twitter:card\" content=\"summary_large_image\" \/>\n<meta name=\"twitter:label1\" content=\"Tiempo de lectura\" \/>\n\t<meta name=\"twitter:data1\" content=\"1 minuto\" \/>\n<script type=\"application\/ld+json\" class=\"yoast-schema-graph\">{\"@context\":\"https:\/\/schema.org\",\"@graph\":[{\"@type\":\"WebPage\",\"@id\":\"https:\/\/iesazcona.org\/?page_id=1352\",\"url\":\"https:\/\/iesazcona.org\/?page_id=1352\",\"name\":\"EDUCACION FISICA - I.E.S. AZCONA\",\"isPartOf\":{\"@id\":\"https:\/\/iesazcona.org\/#website\"},\"primaryImageOfPage\":{\"@id\":\"https:\/\/iesazcona.org\/?page_id=1352#primaryimage\"},\"image\":{\"@id\":\"https:\/\/iesazcona.org\/?page_id=1352#primaryimage\"},\"thumbnailUrl\":\"https:\/\/iesazcona.org\/wp-content\/uploads\/2025\/01\/image-14.png\",\"datePublished\":\"2025-01-24T12:08:44+00:00\",\"dateModified\":\"2025-11-05T21:19:18+00:00\",\"breadcrumb\":{\"@id\":\"https:\/\/iesazcona.org\/?page_id=1352#breadcrumb\"},\"inLanguage\":\"es\",\"potentialAction\":[{\"@type\":\"ReadAction\",\"target\":[\"https:\/\/iesazcona.org\/?page_id=1352\"]}]},{\"@type\":\"ImageObject\",\"inLanguage\":\"es\",\"@id\":\"https:\/\/iesazcona.org\/?page_id=1352#primaryimage\",\"url\":\"https:\/\/iesazcona.org\/wp-content\/uploads\/2025\/01\/image-14.png\",\"contentUrl\":\"https:\/\/iesazcona.org\/wp-content\/uploads\/2025\/01\/image-14.png\",\"width\":900,\"height\":240},{\"@type\":\"BreadcrumbList\",\"@id\":\"https:\/\/iesazcona.org\/?page_id=1352#breadcrumb\",\"itemListElement\":[{\"@type\":\"ListItem\",\"position\":1,\"name\":\"Portada\",\"item\":\"https:\/\/iesazcona.org\/\"},{\"@type\":\"ListItem\",\"position\":2,\"name\":\"EDUCACION FISICA\"}]},{\"@type\":\"WebSite\",\"@id\":\"https:\/\/iesazcona.org\/#website\",\"url\":\"https:\/\/iesazcona.org\/\",\"name\":\"I.E.S. AZCONA\",\"description\":\"P\u00e1gina web del IES Azcona en Almer\u00eda.\",\"publisher\":{\"@id\":\"https:\/\/iesazcona.org\/#organization\"},\"potentialAction\":[{\"@type\":\"SearchAction\",\"target\":{\"@type\":\"EntryPoint\",\"urlTemplate\":\"https:\/\/iesazcona.org\/?s={search_term_string}\"},\"query-input\":{\"@type\":\"PropertyValueSpecification\",\"valueRequired\":true,\"valueName\":\"search_term_string\"}}],\"inLanguage\":\"es\"},{\"@type\":\"Organization\",\"@id\":\"https:\/\/iesazcona.org\/#organization\",\"name\":\"I.E.S. AZCONA\",\"url\":\"https:\/\/iesazcona.org\/\",\"logo\":{\"@type\":\"ImageObject\",\"inLanguage\":\"es\",\"@id\":\"https:\/\/iesazcona.org\/#\/schema\/logo\/image\/\",\"url\":\"https:\/\/iesazcona.org\/wp-content\/uploads\/2025\/01\/logo.jpg\",\"contentUrl\":\"https:\/\/iesazcona.org\/wp-content\/uploads\/2025\/01\/logo.jpg\",\"width\":204,\"height\":192,\"caption\":\"I.E.S. AZCONA\"},\"image\":{\"@id\":\"https:\/\/iesazcona.org\/#\/schema\/logo\/image\/\"}}]}<\/script>\n<!-- \/ Yoast SEO plugin. -->","yoast_head_json":{"title":"EDUCACION FISICA - I.E.S. AZCONA","robots":{"index":"index","follow":"follow","max-snippet":"max-snippet:-1","max-image-preview":"max-image-preview:large","max-video-preview":"max-video-preview:-1"},"canonical":"https:\/\/iesazcona.org\/?page_id=1352","og_locale":"es_ES","og_type":"article","og_title":"EDUCACION FISICA - I.E.S. AZCONA","og_description":"PROFESORES INTEGRANTES D. Antonio Zarauz Sancho D\u00aa.&nbsp;Marta Mar\u00eda N\u00fa\u00f1ez Carretero &nbsp;(Jefa de Departamento) D\u00aa. Marta L\u00f3pez L\u00f3pez-Gay DOCUMENTOS del DEPARTAMENTO [&hellip;]","og_url":"https:\/\/iesazcona.org\/?page_id=1352","og_site_name":"I.E.S. AZCONA","article_modified_time":"2025-11-05T21:19:18+00:00","og_image":[{"width":900,"height":240,"url":"https:\/\/iesazcona.org\/wp-content\/uploads\/2025\/01\/image-14.png","type":"image\/png"}],"twitter_card":"summary_large_image","twitter_misc":{"Tiempo de lectura":"1 minuto"},"schema":{"@context":"https:\/\/schema.org","@graph":[{"@type":"WebPage","@id":"https:\/\/iesazcona.org\/?page_id=1352","url":"https:\/\/iesazcona.org\/?page_id=1352","name":"EDUCACION FISICA - I.E.S. AZCONA","isPartOf":{"@id":"https:\/\/iesazcona.org\/#website"},"primaryImageOfPage":{"@id":"https:\/\/iesazcona.org\/?page_id=1352#primaryimage"},"image":{"@id":"https:\/\/iesazcona.org\/?page_id=1352#primaryimage"},"thumbnailUrl":"https:\/\/iesazcona.org\/wp-content\/uploads\/2025\/01\/image-14.png","datePublished":"2025-01-24T12:08:44+00:00","dateModified":"2025-11-05T21:19:18+00:00","breadcrumb":{"@id":"https:\/\/iesazcona.org\/?page_id=1352#breadcrumb"},"inLanguage":"es","potentialAction":[{"@type":"ReadAction","target":["https:\/\/iesazcona.org\/?page_id=1352"]}]},{"@type":"ImageObject","inLanguage":"es","@id":"https:\/\/iesazcona.org\/?page_id=1352#primaryimage","url":"https:\/\/iesazcona.org\/wp-content\/uploads\/2025\/01\/image-14.png","contentUrl":"https:\/\/iesazcona.org\/wp-content\/uploads\/2025\/01\/image-14.png","width":900,"height":240},{"@type":"BreadcrumbList","@id":"https:\/\/iesazcona.org\/?page_id=1352#breadcrumb","itemListElement":[{"@type":"ListItem","position":1,"name":"Portada","item":"https:\/\/iesazcona.org\/"},{"@type":"ListItem","position":2,"name":"EDUCACION FISICA"}]},{"@type":"WebSite","@id":"https:\/\/iesazcona.org\/#website","url":"https:\/\/iesazcona.org\/","name":"I.E.S. AZCONA","description":"P\u00e1gina web del IES Azcona en Almer\u00eda.","publisher":{"@id":"https:\/\/iesazcona.org\/#organization"},"potentialAction":[{"@type":"SearchAction","target":{"@type":"EntryPoint","urlTemplate":"https:\/\/iesazcona.org\/?s={search_term_string}"},"query-input":{"@type":"PropertyValueSpecification","valueRequired":true,"valueName":"search_term_string"}}],"inLanguage":"es"},{"@type":"Organization","@id":"https:\/\/iesazcona.org\/#organization","name":"I.E.S. AZCONA","url":"https:\/\/iesazcona.org\/","logo":{"@type":"ImageObject","inLanguage":"es","@id":"https:\/\/iesazcona.org\/#\/schema\/logo\/image\/","url":"https:\/\/iesazcona.org\/wp-content\/uploads\/2025\/01\/logo.jpg","contentUrl":"https:\/\/iesazcona.org\/wp-content\/uploads\/2025\/01\/logo.jpg","width":204,"height":192,"caption":"I.E.S. AZCONA"},"image":{"@id":"https:\/\/iesazcona.org\/#\/schema\/logo\/image\/"}}]}},"uagb_featured_image_src":{"full":false,"thumbnail":false,"medium":false,"medium_large":false,"large":false,"1536x1536":false,"2048x2048":false,"ultp_layout_landscape_large":false,"ultp_layout_landscape":false,"ultp_layout_portrait":false,"ultp_layout_square":false},"uagb_author_info":{"display_name":"admin","author_link":"https:\/\/iesazcona.org\/?author=1"},"uagb_comment_info":0,"uagb_excerpt":"PROFESORES INTEGRANTES D. Antonio Zarauz Sancho D\u00aa.&nbsp;Marta Mar\u00eda N\u00fa\u00f1ez Carretero &nbsp;(Jefa de Departamento) D\u00aa. Marta L\u00f3pez L\u00f3pez-Gay DOCUMENTOS del DEPARTAMENTO [&hellip;]","_links":{"self":[{"href":"https:\/\/iesazcona.org\/index.php?rest_route=\/wp\/v2\/pages\/1352","targetHints":{"allow":["GET"]}}],"collection":[{"href":"https:\/\/iesazcona.org\/index.php?rest_route=\/wp\/v2\/pages"}],"about":[{"href":"https:\/\/iesazcona.org\/index.php?rest_route=\/wp\/v2\/types\/page"}],"author":[{"embeddable":true,"href":"https:\/\/iesazcona.org\/index.php?rest_route=\/wp\/v2\/users\/1"}],"replies":[{"embeddable":true,"href":"https:\/\/iesazcona.org\/index.php?rest_route=%2Fwp%2Fv2%2Fcomments&post=1352"}],"version-history":[{"count":4,"href":"https:\/\/iesazcona.org\/index.php?rest_route=\/wp\/v2\/pages\/1352\/revisions"}],"predecessor-version":[{"id":2109,"href":"https:\/\/iesazcona.org\/index.php?rest_route=\/wp\/v2\/pages\/1352\/revisions\/2109"}],"wp:attachment":[{"href":"https:\/\/iesazcona.org\/index.php?rest_route=%2Fwp%2Fv2%2Fmedia&parent=1352"}],"curies":[{"name":"wp","href":"https:\/\/api.w.org\/{rel}","templated":true}]}}